{"id":5052,"date":"2017-08-25T08:43:01","date_gmt":"2017-08-25T06:43:01","guid":{"rendered":"http:\/\/www.audemard.com\/our-affiliates\/betonpac\/"},"modified":"2018-01-19T14:49:33","modified_gmt":"2018-01-19T13:49:33","slug":"betonpac","status":"publish","type":"page","link":"https:\/\/www.audemard.com\/en\/our-affiliates\/betonpac\/","title":{"rendered":"B\u00e9tonpac"},"content":{"rendered":"<p>[vc_row css=&#8221;.vc_custom_1481794331361{margin-top: 0px !important;padding-bottom: 50px !important;}&#8221;][vc_column][vc_single_image image=&#8221;1770&#8243; img_size=&#8221;full&#8221; alignment=&#8221;center&#8221;][\/vc_column][\/vc_row][vc_row equal_height=&#8221;yes&#8221;][vc_column width=&#8221;1\/4&#8243;][vc_column_text]<\/p>\n<div class=\"page_title\">\n<h5 class=\"title_or\" style=\"text-align: left;\">NEW CALEDONIA<\/h5>\n<\/div>\n<p>[\/vc_column_text][vc_column_text css=&#8221;.vc_custom_1516369771452{margin-bottom: 5px !important;}&#8221;]<\/p>\n<h6>Central Bridge French<\/h6>\n<p>[\/vc_column_text][vc_column_text css=&#8221;.vc_custom_1488979622855{margin-bottom: 10px !important;padding-bottom: 0px !important;}&#8221;]<\/p>\n<p style=\"text-align: left;\">Pont des Fran\u00e7ais &#8211; 98809 MONT DORE<br \/>\nBP 1743 &#8211; 98874 MONT DORE<br \/>\nNOUVELLE-CALEDONIE<br \/>\nTel\u00a0: (+33) 687 43 20 32<br \/>\nFax\u00a0: (+33) 687 43 20 90<br \/>\nbetonpac@audemard.com<\/p>\n<p>[\/vc_column_text][vc_btn title=&#8221;SEE ALL OUR AFFILIATES&#8221; style=&#8221;custom&#8221; custom_background=&#8221;#bc9e43&#8243; custom_text=&#8221;#ffffff&#8221; size=&#8221;sm&#8221; link=&#8221;url:http%3A%2F%2Fwww.audemard.com%2Fen%2Four-affiliates%2F|&#8221; el_class=&#8221;btnfiliale&#8221;][vc_column_text]<\/p>\n<p style=\"text-align: left;\"><a class=\"gt3_button gt3_button_colored\" style=\"margin-top: -24px;\" href=\"#contact\">Contact-us<\/a><\/p>\n<p>[\/vc_column_text][vc_separator][\/vc_column][vc_column width=&#8221;3\/4&#8243;][vc_column_text css=&#8221;.vc_custom_1484133442061{margin-bottom: 5px !important;}&#8221;]<\/p>\n<div class=\"page_title\">\n<h6>WITH A PRODUCTION CAPACITY OF 70,000 M<sup>3<\/sup>\/YEAR, AND A FLEET OF 20 MIXER TRUCKS AND 5 CONCRETE PUMPS, BETONPAC IS LOCATED IN THE SOUTH PROVINCE IN:<\/h6>\n<p>&nbsp;<\/p>\n<\/div>\n<p>[\/vc_column_text][vc_column_text css=&#8221;.vc_custom_1479469315629{margin-bottom: 5px !important;}&#8221;]<\/p>\n<div class=\"page_title\">\n<h6 style=\"text-align: left;\">Mont-Dore<\/h6>\n<\/div>\n<p>[\/vc_column_text][vc_column_text css=&#8221;.vc_custom_1479469320750{margin-bottom: 0px !important;padding-bottom: 0px !important;}&#8221;]Located at the foot of the Pont des Fran\u00e7ais since 1989, B\u00e9tonPacifique supplies concrete to Noum\u00e9a and Grand Noum\u00e9a. Its numerous references include: La Tontouta Airport, Noum\u00e9a Aquarium, multiple buildings \u2026[\/vc_column_text][vc_separator css=&#8221;.vc_custom_1475680233101{padding-top: 20px !important;}&#8221;][vc_column_text css=&#8221;.vc_custom_1479469328030{margin-bottom: 5px !important;}&#8221;]<\/p>\n<div class=\"page_title\">\n<h6 style=\"text-align: left;\">Pa\u00efta<\/h6>\n<\/div>\n<p>[\/vc_column_text][vc_column_text css=&#8221;.vc_custom_1479469341704{margin-bottom: 0px !important;padding-bottom: 0px !important;}&#8221;]This plant is located at the AUDEMARD quarry site of PA\u00cfTA to supply concrete to the Northern Noum\u00e9a communes. Its numerous references include: the Medipole Hospital at the Noum\u00e9a exit[\/vc_column_text][vc_empty_space height=&#8221;20px&#8221;][vc_separator css=&#8221;.vc_custom_1475680242999{padding-top: 20px !important;}&#8221;][\/vc_column][\/vc_row][vc_row el_id=&#8221;contact&#8221;][vc_column]<div id=\"ult-carousel-116723090869e467b8488e5\" class=\"ult-carousel-wrapper   ult_horizontal\" data-gutter=\"15\" data-rtl=\"false\" ><div class=\"ult-carousel-199350824469e467b8487df \" >[vc_single_image image=&#8221;3483&#8243; img_size=&#8221;300&#215;200&#8243; alignment=&#8221;center&#8221;][vc_single_image image=&#8221;3481&#8243; img_size=&#8221;300&#215;200&#8243; alignment=&#8221;center&#8221;][vc_single_image image=&#8221;3479&#8243; img_size=&#8221;300&#215;200&#8243; alignment=&#8221;center&#8221;][vc_single_image image=&#8221;3477&#8243; img_size=&#8221;300&#215;200&#8243; alignment=&#8221;center&#8221;]<\/div><\/div>            <script type=\"text\/javascript\">\r\n\t\t\t\tjQuery(document).ready(function($){\r\n               \t\t$('.ult-carousel-199350824469e467b8487df').slick({dots: true,autoplay: true,autoplaySpeed: 4000,speed: 900,infinite: true,arrows: true,nextArrow: '<button type=\"button\" style=\"color:#005ba6; font-size:20px;\" class=\"slick-next default\"><i class=\"ultsl-arrow-right3\"><\/i><\/button>',prevArrow: '<button type=\"button\" style=\"color:#005ba6; font-size:20px;\" class=\"slick-prev default\"><i class=\"ultsl-arrow-left3\"><\/i><\/button>',slidesToScroll:3,slidesToShow:3,swipe: true,draggable: true,touchMove: true,responsive: [\r\n\t\t\t\t\t\t\t{\r\n\t\t\t\t\t\t\t  breakpoint: 1025,\r\n\t\t\t\t\t\t\t  settings: {\r\n\t\t\t\t\t\t\t\tslidesToShow: 3,\r\n\t\t\t\t\t\t\t\tslidesToScroll: 3,  \r\n\t\t\t\t\t\t\t  }\r\n\t\t\t\t\t\t\t},\r\n\t\t\t\t\t\t\t{\r\n\t\t\t\t\t\t\t  breakpoint: 769,\r\n\t\t\t\t\t\t\t  settings: {\r\n\t\t\t\t\t\t\t\tslidesToShow: 3,\r\n\t\t\t\t\t\t\t\tslidesToScroll: 3\r\n\t\t\t\t\t\t\t  }\r\n\t\t\t\t\t\t\t},\r\n\t\t\t\t\t\t\t{\r\n\t\t\t\t\t\t\t  breakpoint: 481,\r\n\t\t\t\t\t\t\t  settings: {\r\n\t\t\t\t\t\t\t\tslidesToShow: 2,\r\n\t\t\t\t\t\t\t\tslidesToScroll: 2\r\n\t\t\t\t\t\t\t  }\r\n\t\t\t\t\t\t\t}\r\n\t\t\t\t\t\t],pauseOnHover: true,\r\n\t\t\t\t\t\tpauseOnDotsHover: true,customPaging: function(slider, i) {\r\n                   return '<i type=\"button\" style=\"color:#333333;\" class=\"ultsl-record\" data-role=\"none\"><\/i>';\r\n                },});\r\n\t\t\t\t});\r\n\t\t\t<\/script>\r\n            [\/vc_column][\/vc_row][vc_row][vc_column width=&#8221;1\/4&#8243;][vc_column_text]<\/p>\n<div class=\"page_title\">\n<h5 class=\"title_or\" style=\"text-align: left;\">CONTACT-US<\/h5>\n<\/div>\n<p>[\/vc_column_text]<div role=\"form\" class=\"wpcf7\" id=\"wpcf7-f5638-o1\" lang=\"fr-FR\" dir=\"ltr\">\n<div class=\"screen-reader-response\"><p role=\"status\" aria-live=\"polite\" aria-atomic=\"true\"><\/p> <ul><\/ul><\/div>\n<form action=\"\/en\/wp-json\/wp\/v2\/pages\/5052#wpcf7-f5638-o1\" method=\"post\" class=\"wpcf7-form init\" novalidate=\"novalidate\" data-status=\"init\">\n<div style=\"display: none;\">\n<input type=\"hidden\" name=\"_wpcf7\" value=\"5638\" \/>\n<input type=\"hidden\" name=\"_wpcf7_version\" value=\"5.4.2\" \/>\n<input type=\"hidden\" name=\"_wpcf7_locale\" value=\"fr_FR\" \/>\n<input type=\"hidden\" name=\"_wpcf7_unit_tag\" value=\"wpcf7-f5638-o1\" \/>\n<input type=\"hidden\" name=\"_wpcf7_container_post\" value=\"0\" \/>\n<input type=\"hidden\" name=\"_wpcf7_posted_data_hash\" value=\"\" \/>\n<input type=\"hidden\" name=\"_wpcf7_recaptcha_response\" value=\"\" \/>\n<\/div>\n<p><span class=\"wpcf7-form-control-wrap your-name\"><input type=\"text\" name=\"your-name\" value=\"\" size=\"40\" class=\"wpcf7-form-control wpcf7-text wpcf7-validates-as-required\" aria-required=\"true\" aria-invalid=\"false\" placeholder=\"Name\" \/><\/span><span class=\"wpcf7-form-control-wrap your-email\"><input type=\"email\" name=\"your-email\" value=\"\" size=\"40\" class=\"wpcf7-form-control wpcf7-text wpcf7-email wpcf7-validates-as-required wpcf7-validates-as-email\" aria-required=\"true\" aria-invalid=\"false\" placeholder=\"Email\" \/><\/span><span class=\"wpcf7-form-control-wrap your-message\"><textarea name=\"your-message\" cols=\"40\" rows=\"10\" class=\"wpcf7-form-control wpcf7-textarea\" aria-invalid=\"false\" placeholder=\"Message\"><\/textarea><\/span>\n\n<p><input type=\"submit\" value=\"Send\" class=\"wpcf7-form-control wpcf7-submit\" \/><\/p>\n<div class=\"wpcf7-response-output\" aria-hidden=\"true\"><\/div><\/form><\/div>[\/vc_column][vc_column width=&#8221;3\/4&#8243;][vc_column_text]<style type=\"text\/css\" id=\"gmpMapStyles_25_11884\">\r\n\t#google_map_easy_25_11884 {\r\n        width: 100%;\r\n        height: 500px;\r\n\t\t\t\t\t\t    }\r\n\t#gmapControlsNum_25_11884 {\r\n\t\twidth:100%\t}\r\n\t.gmpMapDetailsContainer#gmpMapDetailsContainer_25_11884 {\r\n\t\theight:500px;\r\n\t}\r\n\t.gmp_MapPreview#google_map_easy_25_11884 {\r\n\t\t\/*position:absolute;*\/\r\n\t\twidth: 100%;\r\n\t}\r\n\t#mapConElem_25_11884{\r\n\t\twidth: 100%\t}\r\n    .gm-style .gm-style-iw-c{\r\n        padding: 12px!important;\r\n    }\r\n\t    <\/style>\r\n <div class=\"gmp_map_opts\" id=\"mapConElem_25_11884\" data-id=\"25\" data-view-id=\"25_11884\" > <div class=\"gmpMapDetailsContainer\" id=\"gmpMapDetailsContainer_25_11884\"> <i class=\"gmpKMLLayersPreloader fa fa-spinner fa-spin\" aria-hidden=\"true\" style=\"display: none;\"><\/i> <div class=\"gmp_MapPreview \" id=\"google_map_easy_25_11884\"><\/div> <\/div> <div class=\"gmpMapMarkerFilters\" id=\"gmpMapMarkerFilters_25_11884\"> <\/div> <div class=\"gmpMapProControlsCon\" id=\"gmpMapProControlsCon_25_11884\"> <\/div> <div class=\"gmpMapProDirectionsCon\" id=\"gmpMapProDirectionsCon_25_11884\" > <\/div> <div class=\"gmpMapProKmlFilterCon\" id=\"gmpMapProKmlFilterCon_25_11884\" > <\/div> <div class=\"gmpSocialSharingShell gmpSocialSharingShell_25_11884\"> <\/div> <div style=\"clear: both;\"><\/div> <\/div> [\/vc_column_text][\/vc_column][\/vc_row][vc_row bg_type=&#8221;image&#8221; parallax_style=&#8221;vcpb-default&#8221; bg_image_new=&#8221;id^1189|url^http:\/\/www.audemard.com\/wp-content\/uploads\/2016\/05\/audemard-home-page-v2_15-1.jpg|caption^null|alt^null|title^audemard-home-page-v2_15|description^null&#8221; bg_image_repeat=&#8221;no-repeat&#8221; bg_override=&#8221;full&#8221; css=&#8221;.vc_custom_1475679490748{margin-bottom: 0px !important;padding-bottom: 0px !important;}&#8221;][vc_column][vc_cta h2=&#8221;Our philosophy&#8221; h2_font_container=&#8221;font_size:16px|color:%23ffffff|line_height:42px&#8221; h2_google_fonts=&#8221;font_family:Open%20Sans%3A300%2C300italic%2Cregular%2Citalic%2C600%2C600italic%2C700%2C700italic%2C800%2C800italic|font_style:300%20light%20italic%3A300%3Aitalic&#8221; h4=&#8221;Four generations of men and women have succeeded each other at Audemard, always with the same entrepreneurial passion.&#8221; h4_font_container=&#8221;font_size:28px|color:%23ffffff|line_height:30px&#8221; h4_use_theme_fonts=&#8221;yes&#8221; txt_align=&#8221;center&#8221; shape=&#8221;square&#8221; color=&#8221;white&#8221; add_button=&#8221;bottom&#8221; btn_title=&#8221;Learn more&#8221; btn_style=&#8221;custom&#8221; btn_custom_background=&#8221;#bc9e43&#8243; btn_custom_text=&#8221;#ffffff&#8221; btn_shape=&#8221;round&#8221; btn_align=&#8221;center&#8221; use_custom_fonts_h2=&#8221;true&#8221; h2_el_class=&#8221;gt3_under_title&#8221; use_custom_fonts_h4=&#8221;true&#8221; btn_custom_onclick=&#8221;true&#8221; el_class=&#8221;gt3_promo&#8221; css=&#8221;.vc_custom_1475678436217{margin-top: 0px !important;margin-right: 0px !important;margin-bottom: 0px !important;margin-left: 0px !important;border-top-width: 0px !important;border-right-width: 0px !important;border-bottom-width: 0px !important;border-left-width: 0px !important;padding-top: 0px !important;padding-right: 0px !important;padding-bottom: 0px !important;padding-left: 0px !important;background-color: rgba(255,255,255,0.01) !important;*background-color: rgb(255,255,255) !important;}&#8221;][\/vc_cta][\/vc_column][\/vc_row][vc_row][vc_column][vc_raw_html]PGgyPkJFVE9OUEFDICZhbXA7IEJFVE9OQ0FMOiBBVURFTUFSRCBzdWJzaWRpYXJpZXMgaW4gTmV3IENhbGVkb25pYTwvaDI+DQpXaHkgY2hvb3NlIGNvbmNyZXRlIGZvciB5b3VyIHByb2plY3RzPyBDb25jcmV0ZSBvZmZlcnMgZXhjZXB0aW9uYWwgZHVyYWJpbGl0eSB3aXRoIG5vIHNwZWNpZmljIG1haW50ZW5hbmNlIHJlcXVpcmVtZW50cy4gTW9yZW92ZXIsIGl0IGlzIHBhcnRpY3VsYXJseSBlbmVyZ3kgZWZmaWNpZW50IGFuZCBpcyAxMDAlIHJlY3ljbGFibGUgYXQgdGhlIGVuZCBvZiBpdHMgbGlmZS4gV2l0aCBhIGNvbW1pdG1lbnQgdG8gc3VzdGFpbmFibGUgZ3Jvd3RoIHRoYXQgZ29lcyBiYWNrIG1hbnkgeWVhcnMsIEFVREVNQVJEIGlzIHByb3VkIHRvIG9mZmVyIGEgaGlnaC1xdWFsaXR5IGNvbmNyZXRlIHByb2R1Y3QgdGhhdCBpcyBwZXJmZWN0bHkgYWRhcHRlZCB0byBhIHdpZGUgdmFyaWV0eSBvZiB1c2VzLiBBcmUgeW91IGJhc2VkIGluIE5ldyBDYWxlZG9uaWE\/IExlYXJuIG1vcmUgYWJvdXQgPGVtPkJFVE9OUEFDPC9lbT4uIDxzdHJvbmc+QkVUT05QQUM8L3N0cm9uZz4gaXMgYSBzdWJzaWRpYXJ5IG9mIEFVREVNQVJELCB0aGUgd29ybGR3aWRlIHJlYWR5LW1peCBjb25jcmV0ZSBzcGVjaWFsaXN0LCBhbmQgaXMgbG9jYXRlZCBpbiB0aGUgU291dGhlcm4gUHJvdmluY2UuDQoNCkFsdGVybmF0aXZlbHksIHlvdSBjb3VsZCBtYWtlIHVzZSBvZiB0aGUgc2VydmljZXMgb2YgQVVERU1BUkTigJlzIG90aGVyIE5ldyBDYWxlZG9uaWFuIHN1YnNpZGlhcnksIDxlbT5CRVRPTkNBTDwvZW0+LiBCRVRPTlBBQyBzdXBwbGllcyBjb25jcmV0ZSBpbiBOb3Vtw6lhIGFuZCB0aGUgZ3JlYXRlciBOb3Vtw6lhIGFyZWEsIHdoaWxlIDxzdHJvbmc+QkVUT05DQUwgPC9zdHJvbmc+PHN0cm9uZz5vcGVyYXRlcyA8L3N0cm9uZz5pbiB0aGUgTm9ydGhlcm4gUHJvdmluY2UsIHN1cHBseWluZyBjb25jcmV0ZSBmcm9tIFZvaCBLb27DqSB0byBQb3VlbWJvdXQuIFdoZW4geW91IGNob29zZSBvbmUgb2YgdGhlc2UgTmV3IENhbGVkb25pYW4gc3Vic2lkaWFyaWVzLCB5b3UgYXJlIG9wdGluZyBmb3IgYSBwcm9mZXNzaW9uYWwgYnVzaW5lc3Mgd2hpY2ggYWN0cyBhcyBhIHNpbmdsZSBzb3VyY2UgdG8gbWFuYWdlIGFsbCBzdGFnZXMgZnJvbSBtYW51ZmFjdHVyZSB0aHJvdWdoIHRvIGRlbGl2ZXJ5IG9mIHJlYWR5LW1peCBjb25jcmV0ZS4gRnJvbSBleHRyYWN0aW9uIHRocm91Z2ggdG8gbWl4aW5nLCB3aXRoIHN0cmluZ2VudCBxdWFsaXR5IGNvbnRyb2xzIGFuZCB0ZXN0aW5nIG9yIHNhbGVzOiBub3RoaW5nIGlzIG92ZXJsb29rZWQgYXQgQVVERU1BUkQuIEluZGVlZCwgeW91ciBzYXRpc2ZhY3Rpb24gYW5kIHNhZmV0eSBhcmUgb3VyIGhpZ2hlc3QgcHJpb3JpdGllcy4gV2UgcHJvdmlkZSBxdWFsaWZpZWQgbGFib3IgYW5kIG9wdGltaXplZCB0ZWNobmlxdWVzIHRocm91Z2hvdXQgdGhlIHByb2R1Y3Rpb24gb2YgeW91ciA8ZW0+Y29uY3JldGUgaW4gTmV3IENhbGVkb25pYSA8L2VtPmFuZCBhdCBBVURFTUFSROKAmXMgb3RoZXIgc3Vic2lkaWFyaWVzIGluY2x1ZGluZyBMZXMgQsOpdG9ucyBOacOnb2lzIC0gPGEgaHJlZj0iaHR0cDovL3d3dy5hdWRlbWFyZC5jb20vbm9zLWZpbGlhbGVzL2xibi1uaWNlIj5MQk4gaW4gTmljZTwvYT4gYW5kIDxlbT5MYSBTb2Npw6l0w6kgR3V5YW5haXNlIFJhcGlkIELDqXRvbjwvZW0+IOKAkyB0aGUgR3VpYW5lc2UgUmFwaWQgQ29uY3JldGUgQ29tcGFueSAtIDxhIGhyZWY9Imh0dHA6Ly93d3cuYXVkZW1hcmQuY29tL2VuL291ci1hZmZpbGlhdGVzL3NncmIvIj5TR1JCPC9hPiBpbiBGcmVuY2ggR3VpYW5hLiBBVURFTUFSRCBwdXRzIHlvdXIgcHJvamVjdHMgYXQgdGhlIGhlYXJ0IG9mIGV2ZXJ5dGhpbmcgaXQgZG9lcywgb2ZmZXJpbmcgaGlnaC1xdWFsaXR5IHdvcmsgZGVsaXZlcmVkIG9uIHRpbWUsIGJhY2tlZCB1cCB3aXRoIGV4Y2VsbGVudCBlbnZpcm9ubWVudGFsIGFuZCBzYWZldHkgc3RhbmRhcmRzIHRoYXQgcmVmbGVjdCB0aGUgdmFsdWVzIG9mIHRoZSBHcm91cCBhbmQgdGhvc2Ugb2YgaXRzIHN1YnNpZGlhcmllcyBpbiB0aGUgPHN0cm9uZz5jb25jcmV0ZSBpbmR1c3RyeSBpbiBOZXcgQ2FsZWRvbmlhPC9zdHJvbmc+Lg==[\/vc_raw_html][\/vc_column][\/vc_row][vc_row][vc_column][vc_btn title=&#8221;SEE ALL OUR AFFILIATES&#8221; style=&#8221;custom&#8221; custom_background=&#8221;#bc9e43&#8243; custom_text=&#8221;#ffffff&#8221; size=&#8221;sm&#8221; align=&#8221;center&#8221; link=&#8221;url:http%3A%2F%2Fwww.audemard.com%2Fen%2Four-affiliates%2F|&#8221;][\/vc_column][\/vc_row]<\/p>\n","protected":false},"excerpt":{"rendered":"<p>[vc_row css=&#8221;.vc_custom_1481794331361{margin-top: 0px !important;padding-bottom: 50px !important;}&#8221;][vc_column][vc_single_image image=&#8221;1770&#8243; img_size=&#8221;full&#8221; alignment=&#8221;center&#8221;][\/vc_column][\/vc_row][vc_row equal_height=&#8221;yes&#8221;][vc_column width=&#8221;1\/4&#8243;][vc_column_text] NEW CALEDONIA [\/vc_column_text][vc_column_text css=&#8221;.vc_custom_1516369771452{margin-bottom: 5px !important;}&#8221;] Central Bridge French [\/vc_column_text][vc_column_text css=&#8221;.vc_custom_1488979622855{margin-bottom: 10px !important;padding-bottom: 0px !important;}&#8221;] Pont des Fran\u00e7ais &#8211; 98809 MONT DORE BP 1743 &#8211; 98874 MONT DORE NOUVELLE-CALEDONIE Tel\u00a0: (+33) 687 43 20 32 Fax\u00a0: (+33) 687 43 20 90 betonpac@audemard.com [\/vc_column_text][vc_btn title=&#8221;SEE [&hellip;]<\/p>\n","protected":false},"author":1,"featured_media":0,"parent":4471,"menu_order":0,"comment_status":"closed","ping_status":"closed","template":"","meta":[],"yoast_head":"<!-- This site is optimized with the Yoast SEO plugin v17.2.1 - https:\/\/yoast.com\/wordpress\/plugins\/seo\/ -->\n<title>B\u00e9tonpac - Audemard<\/title>\n<meta name=\"robots\" content=\"index, follow, max-snippet:-1, max-image-preview:large, max-video-preview:-1\" \/>\n<link rel=\"canonical\" href=\"https:\/\/www.audemard.com\/en\/our-affiliates\/betonpac\/\" \/>\n<meta property=\"og:locale\" content=\"en_US\" \/>\n<meta property=\"og:type\" content=\"article\" \/>\n<meta property=\"og:title\" content=\"B\u00e9tonpac - Audemard\" \/>\n<meta property=\"og:description\" content=\"[vc_row css=&#8221;.vc_custom_1481794331361{margin-top: 0px !important;padding-bottom: 50px !important;}&#8221;][vc_column][vc_single_image image=&#8221;1770&#8243; img_size=&#8221;full&#8221; alignment=&#8221;center&#8221;][\/vc_column][\/vc_row][vc_row equal_height=&#8221;yes&#8221;][vc_column width=&#8221;1\/4&#8243;][vc_column_text] NEW CALEDONIA [\/vc_column_text][vc_column_text css=&#8221;.vc_custom_1516369771452{margin-bottom: 5px !important;}&#8221;] Central Bridge French [\/vc_column_text][vc_column_text css=&#8221;.vc_custom_1488979622855{margin-bottom: 10px !important;padding-bottom: 0px !important;}&#8221;] Pont des Fran\u00e7ais &#8211; 98809 MONT DORE BP 1743 &#8211; 98874 MONT DORE NOUVELLE-CALEDONIE Tel\u00a0: (+33) 687 43 20 32 Fax\u00a0: (+33) 687 43 20 90 betonpac@audemard.com [\/vc_column_text][vc_btn title=&#8221;SEE [&hellip;]\" \/>\n<meta property=\"og:url\" content=\"https:\/\/www.audemard.com\/en\/our-affiliates\/betonpac\/\" \/>\n<meta property=\"og:site_name\" content=\"Audemard\" \/>\n<meta property=\"article:modified_time\" content=\"2018-01-19T13:49:33+00:00\" \/>\n<meta name=\"twitter:card\" content=\"summary\" \/>\n<meta name=\"twitter:label1\" content=\"Est. reading time\" \/>\n\t<meta name=\"twitter:data1\" content=\"5 minutes\" \/>\n<script type=\"application\/ld+json\" class=\"yoast-schema-graph\">{\"@context\":\"https:\/\/schema.org\",\"@graph\":[{\"@type\":\"WebSite\",\"@id\":\"https:\/\/www.audemard.com\/#website\",\"url\":\"https:\/\/www.audemard.com\/\",\"name\":\"Audemard\",\"description\":\"\",\"potentialAction\":[{\"@type\":\"SearchAction\",\"target\":{\"@type\":\"EntryPoint\",\"urlTemplate\":\"https:\/\/www.audemard.com\/?s={search_term_string}\"},\"query-input\":\"required name=search_term_string\"}],\"inLanguage\":\"en-US\"},{\"@type\":\"WebPage\",\"@id\":\"https:\/\/www.audemard.com\/en\/our-affiliates\/betonpac\/#webpage\",\"url\":\"https:\/\/www.audemard.com\/en\/our-affiliates\/betonpac\/\",\"name\":\"B\\u00e9tonpac - Audemard\",\"isPartOf\":{\"@id\":\"https:\/\/www.audemard.com\/#website\"},\"datePublished\":\"2017-08-25T06:43:01+00:00\",\"dateModified\":\"2018-01-19T13:49:33+00:00\",\"breadcrumb\":{\"@id\":\"https:\/\/www.audemard.com\/en\/our-affiliates\/betonpac\/#breadcrumb\"},\"inLanguage\":\"en-US\",\"potentialAction\":[{\"@type\":\"ReadAction\",\"target\":[\"https:\/\/www.audemard.com\/en\/our-affiliates\/betonpac\/\"]}]},{\"@type\":\"BreadcrumbList\",\"@id\":\"https:\/\/www.audemard.com\/en\/our-affiliates\/betonpac\/#breadcrumb\",\"itemListElement\":[{\"@type\":\"ListItem\",\"position\":1,\"name\":\"Home\",\"item\":\"https:\/\/www.audemard.com\/en\/\"},{\"@type\":\"ListItem\",\"position\":2,\"name\":\"Our affiliates\",\"item\":\"https:\/\/www.audemard.com\/en\/our-affiliates\/\"},{\"@type\":\"ListItem\",\"position\":3,\"name\":\"B\\u00e9tonpac\"}]}]}<\/script>\n<!-- \/ Yoast SEO plugin. -->","yoast_head_json":{"title":"B\u00e9tonpac - Audemard","robots":{"index":"index","follow":"follow","max-snippet":"max-snippet:-1","max-image-preview":"max-image-preview:large","max-video-preview":"max-video-preview:-1"},"canonical":"https:\/\/www.audemard.com\/en\/our-affiliates\/betonpac\/","og_locale":"en_US","og_type":"article","og_title":"B\u00e9tonpac - Audemard","og_description":"[vc_row css=&#8221;.vc_custom_1481794331361{margin-top: 0px !important;padding-bottom: 50px !important;}&#8221;][vc_column][vc_single_image image=&#8221;1770&#8243; img_size=&#8221;full&#8221; alignment=&#8221;center&#8221;][\/vc_column][\/vc_row][vc_row equal_height=&#8221;yes&#8221;][vc_column width=&#8221;1\/4&#8243;][vc_column_text] NEW CALEDONIA [\/vc_column_text][vc_column_text css=&#8221;.vc_custom_1516369771452{margin-bottom: 5px !important;}&#8221;] Central Bridge French [\/vc_column_text][vc_column_text css=&#8221;.vc_custom_1488979622855{margin-bottom: 10px !important;padding-bottom: 0px !important;}&#8221;] Pont des Fran\u00e7ais &#8211; 98809 MONT DORE BP 1743 &#8211; 98874 MONT DORE NOUVELLE-CALEDONIE Tel\u00a0: (+33) 687 43 20 32 Fax\u00a0: (+33) 687 43 20 90 betonpac@audemard.com [\/vc_column_text][vc_btn title=&#8221;SEE [&hellip;]","og_url":"https:\/\/www.audemard.com\/en\/our-affiliates\/betonpac\/","og_site_name":"Audemard","article_modified_time":"2018-01-19T13:49:33+00:00","twitter_card":"summary","twitter_misc":{"Est. reading time":"5 minutes"},"schema":{"@context":"https:\/\/schema.org","@graph":[{"@type":"WebSite","@id":"https:\/\/www.audemard.com\/#website","url":"https:\/\/www.audemard.com\/","name":"Audemard","description":"","potentialAction":[{"@type":"SearchAction","target":{"@type":"EntryPoint","urlTemplate":"https:\/\/www.audemard.com\/?s={search_term_string}"},"query-input":"required name=search_term_string"}],"inLanguage":"en-US"},{"@type":"WebPage","@id":"https:\/\/www.audemard.com\/en\/our-affiliates\/betonpac\/#webpage","url":"https:\/\/www.audemard.com\/en\/our-affiliates\/betonpac\/","name":"B\u00e9tonpac - Audemard","isPartOf":{"@id":"https:\/\/www.audemard.com\/#website"},"datePublished":"2017-08-25T06:43:01+00:00","dateModified":"2018-01-19T13:49:33+00:00","breadcrumb":{"@id":"https:\/\/www.audemard.com\/en\/our-affiliates\/betonpac\/#breadcrumb"},"inLanguage":"en-US","potentialAction":[{"@type":"ReadAction","target":["https:\/\/www.audemard.com\/en\/our-affiliates\/betonpac\/"]}]},{"@type":"BreadcrumbList","@id":"https:\/\/www.audemard.com\/en\/our-affiliates\/betonpac\/#breadcrumb","itemListElement":[{"@type":"ListItem","position":1,"name":"Home","item":"https:\/\/www.audemard.com\/en\/"},{"@type":"ListItem","position":2,"name":"Our affiliates","item":"https:\/\/www.audemard.com\/en\/our-affiliates\/"},{"@type":"ListItem","position":3,"name":"B\u00e9tonpac"}]}]}},"_links":{"self":[{"href":"https:\/\/www.audemard.com\/en\/wp-json\/wp\/v2\/pages\/5052"}],"collection":[{"href":"https:\/\/www.audemard.com\/en\/wp-json\/wp\/v2\/pages"}],"about":[{"href":"https:\/\/www.audemard.com\/en\/wp-json\/wp\/v2\/types\/page"}],"author":[{"embeddable":true,"href":"https:\/\/www.audemard.com\/en\/wp-json\/wp\/v2\/users\/1"}],"replies":[{"embeddable":true,"href":"https:\/\/www.audemard.com\/en\/wp-json\/wp\/v2\/comments?post=5052"}],"version-history":[{"count":38,"href":"https:\/\/www.audemard.com\/en\/wp-json\/wp\/v2\/pages\/5052\/revisions"}],"predecessor-version":[{"id":6088,"href":"https:\/\/www.audemard.com\/en\/wp-json\/wp\/v2\/pages\/5052\/revisions\/6088"}],"up":[{"embeddable":true,"href":"https:\/\/www.audemard.com\/en\/wp-json\/wp\/v2\/pages\/4471"}],"wp:attachment":[{"href":"https:\/\/www.audemard.com\/en\/wp-json\/wp\/v2\/media?parent=5052"}],"curies":[{"name":"wp","href":"https:\/\/api.w.org\/{rel}","templated":true}]}}